{"id":749,"date":"2026-01-22T16:27:43","date_gmt":"2026-01-22T16:27:43","guid":{"rendered":"https:\/\/unispoursaintbaldoph.fr\/?page_id=749"},"modified":"2026-01-23T13:26:14","modified_gmt":"2026-01-23T13:26:14","slug":"mention-legales","status":"publish","type":"page","link":"https:\/\/unispoursaintbaldoph.fr\/index.php\/mention-legales\/","title":{"rendered":"Mentions legales"},"content":{"rendered":"\t\t<div data-elementor-type=\"wp-page\" data-elementor-id=\"749\" class=\"elementor elementor-749\" data-elementor-post-type=\"page\">\n\t\t\t\t<div class=\"elementor-element elementor-element-00f7b17 e-flex e-con-boxed e-con e-parent\" data-id=\"00f7b17\" data-element_type=\"container\" data-e-type=\"container\">\n\t\t\t\t\t<div class=\"e-con-inner\">\n\t\t\t\t<div class=\"elementor-element elementor-element-3fa5df2 elementor-widget elementor-widget-html\" data-id=\"3fa5df2\" data-element_type=\"widget\" data-e-type=\"widget\" data-widget_type=\"html.default\">\n\t\t\t\t\t<!-- =========================\r\n     MENTIONS L\u00c9GALES \u2014 UnisPSB (fond blanc)\r\n     Couleurs :\r\n       Vert fonc\u00e9 : #2F756B\r\n       Vert clair : #60BDB8\r\n       Abricot    : #FF997F\r\n     Site : https:\/\/unispoursaintbaldoph.fr\/\r\n     Contact : unispoursaintbaldoph@gmail.com\r\n     R\u00e9f\u00e9rent : M. Valentin Hachet\r\n     H\u00e9bergeur : o2switch (\u00e0 confirmer)\r\n     ========================= -->\r\n\r\n<style>\r\n  .unisp-legal{\r\n    --green-dark:#2F756B;\r\n    --green-light:#60BDB8;\r\n    --apricot:#FF997F;\r\n\r\n    background:#fff;\r\n    color:#0f2d29;\r\n    padding:clamp(28px,4vw,64px) 16px;\r\n  }\r\n  .unisp-legal__wrap{max-width:1100px;margin:0 auto;}\r\n  .unisp-legal__top{display:flex;gap:12px;align-items:center;margin-bottom:18px;flex-wrap:wrap;}\r\n  .unisp-legal__badge{\r\n    padding:8px 12px;border-radius:999px;\r\n    background:rgba(96,189,184,.14);\r\n    border:1px solid rgba(96,189,184,.40);\r\n    font-weight:900;color:var(--green-dark);\r\n  }\r\n  .unisp-legal__mail{\r\n    color:var(--apricot);\r\n    font-weight:900;\r\n    text-decoration:none;\r\n  }\r\n  .unisp-legal__mail:hover{ text-decoration:underline; }\r\n\r\n  .unisp-legal__title{\r\n    font-size:clamp(34px,5vw,56px);\r\n    color:var(--green-dark);\r\n    margin:0 0 10px 0;\r\n    letter-spacing:-0.02em;\r\n    line-height:1.05;\r\n  }\r\n  .unisp-legal__subtitle{\r\n    margin:0 0 22px 0;\r\n    color:rgba(15,45,41,.78);\r\n    line-height:1.6;\r\n    max-width:78ch;\r\n  }\r\n\r\n  .unisp-legal__grid{\r\n    display:grid;\r\n    grid-template-columns: 1fr;\r\n    gap: 14px;\r\n  }\r\n\r\n  .unisp-legal__card{\r\n    background:rgba(47,117,107,.06);\r\n    border:1px solid rgba(47,117,107,.18);\r\n    border-radius:20px;\r\n    padding:18px;\r\n  }\r\n\r\n  .unisp-legal h2{\r\n    margin: 0 0 10px 0;\r\n    font-size: 18px;\r\n    color: var(--green-dark);\r\n  }\r\n  .unisp-legal p{\r\n    margin: 0 0 12px 0;\r\n    line-height: 1.65;\r\n    color: rgba(15,45,41,.82);\r\n  }\r\n  .unisp-legal ul{\r\n    margin: 0 0 12px 18px;\r\n    padding: 0;\r\n    line-height: 1.65;\r\n    color: rgba(15,45,41,.82);\r\n  }\r\n  .unisp-legal a{ color: var(--green-dark); text-decoration: underline; }\r\n  .unisp-legal a:hover{ color: var(--apricot); }\r\n\r\n  .unisp-legal__note{\r\n    font-size: 12px;\r\n    font-style: italic;\r\n    color: rgba(15,45,41,.65);\r\n    margin-top: 10px;\r\n  }\r\n<\/style>\r\n\r\n<section class=\"unisp-legal\">\r\n  <div class=\"unisp-legal__wrap\">\r\n    <h1 class=\"unisp-legal__title\">Mentions l\u00e9gales<\/h1>\r\n    <p class=\"unisp-legal__subtitle\">\r\n      Les pr\u00e9sentes mentions l\u00e9gales s\u2019appliquent au site\r\n      <strong>https:\/\/unispoursaintbaldoph.fr\/<\/strong>.\r\n      Pour toute question, vous pouvez nous \u00e9crire en utilisant le formulaire de contact du site.\r\n    <\/p>\r\n\r\n    <div class=\"unisp-legal__grid\">\r\n\r\n      <div class=\"unisp-legal__card\">\r\n        <h2>1 \u2013 \u00c9dition du site<\/h2>\r\n        <p>\r\n          En vertu de l\u2019article 6 de la loi n\u00b0 2004-575 du 21 juin 2004 pour la confiance dans l\u2019\u00e9conomie num\u00e9rique,\r\n          il est pr\u00e9cis\u00e9 aux utilisateurs du site internet\r\n          <strong>https:\/\/unispoursaintbaldoph.fr\/<\/strong>\r\n          l\u2019identit\u00e9 des diff\u00e9rents intervenants dans le cadre de sa r\u00e9alisation et de son suivi :\r\n        <\/p>\r\n        <ul>\r\n          <li><strong>Responsable \/ R\u00e9f\u00e9rent :<\/strong> Valentin Hachet<\/li>\r\n          <li><strong>Adresse :<\/strong> Saint-Baldoph (Savoie)<\/li>\r\n          <li><strong>H\u00e9bergeur :<\/strong> OVH \u2013 2 rue Kellermann, 59100 Roubaix \u2013 France<\/li>\r\n        <\/ul>\r\n      <\/div>\r\n\r\n      <div class=\"unisp-legal__card\">\r\n        <h2>2 \u2013 Propri\u00e9t\u00e9 intellectuelle et contrefa\u00e7ons<\/h2>\r\n        <p>\r\n          Le responsable du site est propri\u00e9taire des droits de propri\u00e9t\u00e9 intellectuelle et d\u00e9tient les droits d\u2019usage\r\n          sur tous les \u00e9l\u00e9ments accessibles sur le site internet, notamment les textes, images, graphismes, logos,\r\n          vid\u00e9os, architecture, ic\u00f4nes et sons.\r\n        <\/p>\r\n        <p>\r\n          Toute reproduction, repr\u00e9sentation, modification, publication, adaptation de tout ou partie des \u00e9l\u00e9ments\r\n          du site, quel que soit le moyen ou le proc\u00e9d\u00e9 utilis\u00e9, est interdite, sauf autorisation \u00e9crite pr\u00e9alable.\r\n        <\/p>\r\n        <p>\r\n          Toute exploitation non autoris\u00e9e du site ou de l\u2019un quelconque des \u00e9l\u00e9ments qu\u2019il contient sera consid\u00e9r\u00e9e\r\n          comme constitutive d\u2019une contrefa\u00e7on et poursuivie conform\u00e9ment aux dispositions des articles L.335-2\r\n          et suivants du Code de la propri\u00e9t\u00e9 intellectuelle.\r\n        <\/p>\r\n      <\/div>\r\n\r\n      <div class=\"unisp-legal__card\">\r\n        <h2>3 \u2013 Limitations de responsabilit\u00e9<\/h2>\r\n        <p>\r\n          Le responsable du site ne pourra \u00eatre tenu pour responsable des dommages directs et indirects caus\u00e9s\r\n          au mat\u00e9riel de l\u2019utilisateur, lors de l\u2019acc\u00e8s au site\r\n          <strong>https:\/\/unispoursaintbaldoph.fr\/<\/strong>.\r\n        <\/p>\r\n        <p>\r\n          Le responsable du site d\u00e9cline toute responsabilit\u00e9 quant \u00e0 l\u2019utilisation qui pourrait \u00eatre faite\r\n          des informations et contenus pr\u00e9sents sur le site.\r\n        <\/p>\r\n        <p>\r\n          Le responsable du site s\u2019engage \u00e0 s\u00e9curiser au mieux le site, cependant sa responsabilit\u00e9 ne pourra\r\n          \u00eatre mise en cause si des donn\u00e9es ind\u00e9sirables sont import\u00e9es et install\u00e9es sur son site \u00e0 son insu.\r\n        <\/p>\r\n        <p>\r\n          Des espaces interactifs (formulaire de contact, commentaires \u00e9ventuels) sont \u00e0 la disposition des utilisateurs.\r\n          Le responsable du site se r\u00e9serve le droit de supprimer, sans mise en demeure pr\u00e9alable, tout contenu\r\n          d\u00e9pos\u00e9 dans ces espaces qui contreviendrait \u00e0 la l\u00e9gislation applicable en France, notamment aux dispositions\r\n          relatives \u00e0 la protection des donn\u00e9es.\r\n        <\/p>\r\n        <p>\r\n          Le cas \u00e9ch\u00e9ant, le responsable du site se r\u00e9serve \u00e9galement la possibilit\u00e9 de mettre en cause la responsabilit\u00e9\r\n          civile et\/ou p\u00e9nale de l\u2019utilisateur, notamment en cas de message \u00e0 caract\u00e8re raciste, injurieux,\r\n          diffamant ou pornographique, quel que soit le support utilis\u00e9.\r\n        <\/p>\r\n      <\/div>\r\n\r\n      <div class=\"unisp-legal__card\">\r\n        <h2>4 \u2013 Donn\u00e9es personnelles et politique de confidentialit\u00e9<\/h2>\r\n        <p>\r\n          Conform\u00e9ment au R\u00e8glement g\u00e9n\u00e9ral sur la protection des donn\u00e9es\r\n          (RGPD \u2013 UE 2016\/679) et \u00e0 la loi \u00ab Informatique et Libert\u00e9s \u00bb,\r\n          les informations personnelles pouvant \u00eatre collect\u00e9es sur le site\r\n          <strong>https:\/\/unispoursaintbaldoph.fr\/<\/strong>\r\n          sont trait\u00e9es dans le respect des principes de lic\u00e9it\u00e9, de loyaut\u00e9 et de transparence.\r\n        <\/p>\r\n        <p>\r\n          Les donn\u00e9es collect\u00e9es via les formulaires (nom, adresse \u00e9lectronique, message)\r\n          sont strictement n\u00e9cessaires \u00e0 la gestion des demandes de contact et aux communications\r\n          li\u00e9es au projet <strong>Unis pour Saint-Baldoph<\/strong>.\r\n        <\/p>\r\n        <p>\r\n          Le responsable du traitement des donn\u00e9es est :\r\n          <strong> Valentin Hachet<\/strong>.\r\n        <\/p>\r\n        <p>\r\n          Les donn\u00e9es personnelles sont exclusivement destin\u00e9es \u00e0 l\u2019\u00e9quipe\r\n          <strong>Unis pour Saint-Baldoph<\/strong> et ne sont ni c\u00e9d\u00e9es ni vendues \u00e0 des tiers.\r\n        <\/p>\r\n        <p>\r\n          Conform\u00e9ment \u00e0 la r\u00e9glementation en vigueur, l\u2019utilisateur dispose d\u2019un droit d\u2019acc\u00e8s,\r\n          de rectification, d\u2019effacement, de limitation, d\u2019opposition et de portabilit\u00e9 des donn\u00e9es\r\n          le concernant, ainsi que du droit de retirer son consentement \u00e0 tout moment.\r\n        <\/p>\r\n        <p>\r\n          Ces droits peuvent \u00eatre exerc\u00e9s en utilisant le formulaire de contact du site.\r\n        <\/p>\r\n        <p>\r\n          Pour plus d\u2019informations d\u00e9taill\u00e9es sur la gestion des donn\u00e9es personnelles,\r\n          l\u2019utilisateur est invit\u00e9 \u00e0 consulter la\r\n          <a href=\"https:\/\/unispoursaintbaldoph.fr\/index.php\/politique-confidentialite\/\">politique de confidentialit\u00e9<\/a>.\r\n        <\/p>\r\n      <\/div>\r\n\r\n      <div class=\"unisp-legal__card\">\r\n        <h2>5 \u2013 Cookies et mesure d\u2019audience<\/h2>\r\n        <p>\r\n          La navigation sur le site <strong>https:\/\/unispoursaintbaldoph.fr\/<\/strong>\r\n          est susceptible d\u2019entra\u00eener l\u2019installation de cookies sur le terminal de l\u2019utilisateur.\r\n        <\/p>\r\n        <p>\r\n          Un cookie est un fichier de petite taille permettant d\u2019analyser la navigation et\r\n          de mesurer l\u2019audience du site.\r\n        <\/p>\r\n        <p>\r\n          Le site utilise des cookies strictement n\u00e9cessaires \u00e0 son fonctionnement,\r\n          ainsi que des cookies de mesure d\u2019audience (Google Analytics \u2013 GA4),\r\n          activ\u00e9s uniquement apr\u00e8s le consentement de l\u2019utilisateur via la banni\u00e8re de gestion des cookies.\r\n        <\/p>\r\n        <p>\r\n          Lors de la premi\u00e8re visite, une banni\u00e8re permet \u00e0 l\u2019utilisateur d\u2019accepter,\r\n          de refuser ou de param\u00e9trer l\u2019utilisation des cookies.\r\n          Aucun cookie non essentiel n\u2019est d\u00e9pos\u00e9 sans consentement pr\u00e9alable.\r\n        <\/p>\r\n        <p>\r\n          Les cookies sont conserv\u00e9s pour une dur\u00e9e maximale de 12 mois.\r\n        <\/p>\r\n        <p>\r\n          Pour plus d\u2019informations, l\u2019utilisateur est invit\u00e9 \u00e0 consulter la\r\n          <a href=\"https:\/\/unispoursaintbaldoph.fr\/index.php\/politique-confidentialite\/\">politique de confidentialit\u00e9<\/a>.\r\n        <\/p>\r\n      <\/div>\r\n\r\n      <div class=\"unisp-legal__card\">\r\n        <h2>6 \u2013 Droit applicable et attribution de juridiction<\/h2>\r\n        <p>\r\n          Tout litige en relation avec l\u2019utilisation du site\r\n          <strong>https:\/\/unispoursaintbaldoph.fr\/<\/strong>\r\n          est soumis au droit fran\u00e7ais.\r\n        <\/p>\r\n      <\/div>\r\n\r\n    <\/div>\r\n  <\/div>\r\n<\/section>\r\n\t\t\t\t<\/div>\n\t\t\t\t\t<\/div>\n\t\t\t\t<\/div>\n\t\t\t\t<\/div>\n\t\t","protected":false},"excerpt":{"rendered":"<p>Mentions l\u00e9gales Les pr\u00e9sentes mentions l\u00e9gales s\u2019appliquent au site https:\/\/unispoursaintbaldoph.fr\/. Pour toute question, vous pouvez nous \u00e9crire en utilisant le formulaire de contact du site. 1 \u2013 \u00c9dition du site En vertu de l\u2019article 6 de la loi n\u00b0 2004-575 du 21 juin 2004 pour la confiance dans l\u2019\u00e9conomie num\u00e9rique, il est pr\u00e9cis\u00e9 aux utilisateurs [&hellip;]<\/p>\n","protected":false},"author":1,"featured_media":0,"parent":0,"menu_order":0,"comment_status":"closed","ping_status":"closed","template":"","meta":{"footnotes":""},"class_list":["post-749","page","type-page","status-publish","hentry"],"_links":{"self":[{"href":"https:\/\/unispoursaintbaldoph.fr\/index.php\/wp-json\/wp\/v2\/pages\/749","targetHints":{"allow":["GET"]}}],"collection":[{"href":"https:\/\/unispoursaintbaldoph.fr\/index.php\/wp-json\/wp\/v2\/pages"}],"about":[{"href":"https:\/\/unispoursaintbaldoph.fr\/index.php\/wp-json\/wp\/v2\/types\/page"}],"author":[{"embeddable":true,"href":"https:\/\/unispoursaintbaldoph.fr\/index.php\/wp-json\/wp\/v2\/users\/1"}],"replies":[{"embeddable":true,"href":"https:\/\/unispoursaintbaldoph.fr\/index.php\/wp-json\/wp\/v2\/comments?post=749"}],"version-history":[{"count":0,"href":"https:\/\/unispoursaintbaldoph.fr\/index.php\/wp-json\/wp\/v2\/pages\/749\/revisions"}],"wp:attachment":[{"href":"https:\/\/unispoursaintbaldoph.fr\/index.php\/wp-json\/wp\/v2\/media?parent=749"}],"curies":[{"name":"wp","href":"https:\/\/api.w.org\/{rel}","templated":true}]}}